{"id":11,"date":"2024-05-19T17:20:54","date_gmt":"2024-05-19T17:20:54","guid":{"rendered":"https:\/\/georgsauerwein.de\/?page_id=11"},"modified":"2025-11-28T20:47:04","modified_gmt":"2025-11-28T20:47:04","slug":"uber-mich","status":"publish","type":"page","link":"https:\/\/georgsauerwein.de\/?page_id=11","title":{"rendered":"Vortr\u00e4ge &#038; Workshops"},"content":{"rendered":"\n<p>Ich bin offen f\u00fcr Anfragen f\u00fcr Vortr\u00e4ge und Workshops, besonders f\u00fcr folgende Themen:<\/p>\n\n\n\n<ul class=\"wp-block-list\">\n<li>Klimagerechtigkeit<\/li>\n\n\n\n<li>Christliche Klimagerechtigkeitsbewegung<\/li>\n\n\n\n<li>Theologie in der Klimakrise<\/li>\n\n\n\n<li>Divestment<\/li>\n<\/ul>\n\n\n\n<p>Ich habe in der Vergangenheit viele Workshops und Vortr\u00e4ge gehalten, hier einige Highlights:<\/p>\n\n\n\n<p><strong>10\/2025<\/strong> Klimagerechtigkeit als Berufung?, Workshop am Vocation Day des Erzbistums M\u00fcnchen<\/p>\n\n\n\n<p><strong>09\/2025<\/strong> Kirche, Theologie und Aktivismus, Vortrag bei Theologie in der Klimakrise, Forschungsstelle der evangelischen Studiengemeinschaft, Heidelberg, Deutschland<\/p>\n\n\n\n<p><strong>05\/2025<\/strong> Workshop \u00fcber Christians for Future, Jahrestagung Weltkirche und Mission, W\u00fcrzburg, Deutschland<\/p>\n\n\n\n<p><strong>02\/2025<\/strong> \u00d6kologische Reformation im Anspruch der Reich-Gottes-Botschaft &#8211; Eine Klimagerechtigkeitsperspektive, Gesellschaft f\u00fcr eine Glaubensreform e.V.<\/p>\n\n\n\n<p><strong>11\/2024<\/strong> Bewahrung und Gerechtigkeit: Eine Ann\u00e4herung an Mitgesch\u00f6pflichkeit und Workshop: Klimagerechtigkeit, Altcusaner Tagung 2024: Sch\u00f6pfung, Mainz, Deutschland.<\/p>\n\n\n\n<p><strong>10\/2024<\/strong> Sustainable development: climate activists\u2019 perspectives on education (contributor to panel discussion), International Nuremberg Forum: Education for Sustainable Development &#8211; Spiritual Dimensions, N\u00fcrnberg, Deutschland<\/p>\n\n\n\n<p><strong>09\/2024<\/strong> Intersektionale Klimagerechtigkeit in der Sozialethik und Impulse f\u00fcr die politische Theologie, Forum Sozialethik, Schwerte, Deutschland.<\/p>\n\n\n\n<p><strong>09\/2024<\/strong> Christians for Future, Vortrag beim Sommerstudium des Evangelischen Studienwerks Villigst, Wittenberg, Deutschland.<\/p>\n\n\n\n<p><strong>06\/2024<\/strong> In der Kirchengemeinde und auf der Stra\u00dfe: Gemeinsam f\u00fcr eine klimagerechtere Welt, Organisation und Beitrag bei Workshop, Katholikentag Erfurt, Christians for Future und \u00d6kumenisches Netzwerk Klimagerechtigkeit.<\/p>\n\n\n\n<p><strong>11\/2023<\/strong> Beitrag bei &#8220;Die Erde wird gepl\u00fcndert durch die, die auf ihr wohnen (vgl. Jes 24,3.5)&#8221;, Online-Veranstaltungsreihe biblisch motiviert &#8211; politisch engagiert, KEB M\u00fcnchen Freising, Missio, Misereor und andere.<\/p>\n\n\n\n<p><strong>05\/2023<\/strong> Fridays for Future und Theologie, Theo-Caf\u00e9 des Alt-Katholischen Seminars, Bonn.<\/p>\n\n\n\n<p><strong>03\/2023<\/strong> Statement und Teilnahme an Podiumdsdiskussion: Die Golfstaaten als Partner Reflexion aus ethischer und klimaaktivistischer Perspektive, 23. M\u00fchlheimer Nahostgespr\u00e4ch: Zwischen Energiesicherheit, Klimaschutz und wertebasierter Au\u00dfenpolitik, KAS, ITHF, kath Akademie Wolfsburg<\/p>\n\n\n\n<p><strong>05\/2022 <\/strong>Organisation und Teilnahme an Podiumdsdiskussion: Lebt die Kirche Laudato Si? &#8211; Kirchliche Umweltarbeit in der Praxis, Katholikentag Stuttgart, Christians for Future, \u00d6kumenisches Netzwerk Klimagerechtigkeit,<\/p>\n\n\n\n<p><strong>11\/2021<\/strong> Teilnahme an Podiumsdiskussion und Durchf\u00fchrung eines Workshops zu: Wie kann man sich f\u00fcr Klimagerechtigkeit engagieren? , Tagung: Hoffen auf neue Sch\u00f6pfung &#8211; handeln f\u00fcr unsere eine Welt. Christsein in der Klimakrise, Universit\u00e4t Luzern, Universit\u00e4t Z\u00fcrich und andere, Worshop mit Bettina Wopperer, f\u00fcr Christians for Future.<\/p>\n\n\n\n<p><strong>06\/2021 <\/strong>Workshop Zusammen f\u00fcr mehr Klimagerechtigkeit! , Di\u00f6zesaner Nachhaltigkeitstag, Erzbistum M\u00fcnchen, mit Bettina Wopperer, f\u00fcr Christians for Future.<\/p>\n","protected":false},"excerpt":{"rendered":"<p>Ich bin offen f\u00fcr Anfragen f\u00fcr Vortr\u00e4ge und Workshops, besonders f\u00fcr folgende Themen: Ich habe in der Vergangenheit viele Workshops und Vortr\u00e4ge gehalten, hier einige Highlights: 10\/2025 Klimagerechtigkeit als Berufung?, Workshop am Vocation Day des Erzbistums M\u00fcnchen 09\/2025 Kirche, Theologie und Aktivismus, Vortrag bei Theologie in der Klimakrise, Forschungsstelle der evangelischen Studiengemeinschaft, Heidelberg, Deutschland 05\/2025 &hellip; <\/p>\n<p class=\"link-more\"><a href=\"https:\/\/georgsauerwein.de\/?page_id=11\" class=\"more-link\">Continue reading<span class=\"screen-reader-text\"> &#8220;Vortr\u00e4ge &#038; Workshops&#8221;<\/span><\/a><\/p>\n","protected":false},"author":1,"featured_media":0,"parent":0,"menu_order":0,"comment_status":"closed","ping_status":"closed","template":"","meta":{"footnotes":""},"class_list":["post-11","page","type-page","status-publish","hentry"],"_links":{"self":[{"href":"https:\/\/georgsauerwein.de\/index.php?rest_route=\/wp\/v2\/pages\/11","targetHints":{"allow":["GET"]}}],"collection":[{"href":"https:\/\/georgsauerwein.de\/index.php?rest_route=\/wp\/v2\/pages"}],"about":[{"href":"https:\/\/georgsauerwein.de\/index.php?rest_route=\/wp\/v2\/types\/page"}],"author":[{"embeddable":true,"href":"https:\/\/georgsauerwein.de\/index.php?rest_route=\/wp\/v2\/users\/1"}],"replies":[{"embeddable":true,"href":"https:\/\/georgsauerwein.de\/index.php?rest_route=%2Fwp%2Fv2%2Fcomments&post=11"}],"version-history":[{"count":16,"href":"https:\/\/georgsauerwein.de\/index.php?rest_route=\/wp\/v2\/pages\/11\/revisions"}],"predecessor-version":[{"id":145,"href":"https:\/\/georgsauerwein.de\/index.php?rest_route=\/wp\/v2\/pages\/11\/revisions\/145"}],"wp:attachment":[{"href":"https:\/\/georgsauerwein.de\/index.php?rest_route=%2Fwp%2Fv2%2Fmedia&parent=11"}],"curies":[{"name":"wp","href":"https:\/\/api.w.org\/{rel}","templated":true}]}}