{"id":27,"date":"2024-05-19T17:13:10","date_gmt":"2024-05-19T17:13:10","guid":{"rendered":"https:\/\/georgsauerwein.de\/?page_id=27"},"modified":"2026-03-03T18:54:47","modified_gmt":"2026-03-03T18:54:47","slug":"home","status":"publish","type":"page","link":"https:\/\/georgsauerwein.de\/","title":{"rendered":"\u00dcber mich"},"content":{"rendered":"\n<p>Mit der ersten Wahl von Trump bin ich Klimaaktivist geworden. Seitdem bin ich hoch engagiert in der Klimagerechtigkeitsbewegung, meist aus christlicher Perspektive. Ich habe die gr\u00f6\u00dfte christliche Klimagerechtigkeitsbewegung in Deutschland mit aufgebaut, erfolgreiche bundesweite und lokale Kampagnen organisiert, viele Workshops und Vortr\u00e4ge gehalten und Texte sowie ein Buch ver\u00f6ffentlicht.<\/p>\n\n\n\n<p>Dabei stehe ich f\u00fcr ein Christentum, das von der Perspektive marginalisierter Menschen aus denkt und Gerechtigkeitsfragen ins Zentrum seines Handelns stellt. Ich stehe aber auch f\u00fcr unabh\u00e4ngigen Aktivismus, der versucht mit einem hohen fachlichen Niveau zu \u00fcberzeugen.<\/p>\n\n\n\n<p>Ich bin Experte f\u00fcr intersektionale Klimagerechtigkeit, Theologie in der Klimakrise und das Handeln der Kirchen in der Klimakrise. Ich habe zudem umfangreiche Erfahrungen in Campaigning, Strategieentwicklung, Public Speaking, \u00d6ffentlichkeitsarbeit und Veranstaltungsorganisation.<\/p>\n\n\n\n<p>Ich bin immer offen f\u00fcr Anfragen f\u00fcr Workshops, Vortr\u00e4ge, Podiumsdiskussionen &#8211; aber auch wenn Unterst\u00fctzung bei \u00d6ffentlichkeitsarbeit oder Projektmanagement ben\u00f6tigt wird.<\/p>\n","protected":false},"excerpt":{"rendered":"<p>Mit der ersten Wahl von Trump bin ich Klimaaktivist geworden. Seitdem bin ich hoch engagiert in der Klimagerechtigkeitsbewegung, meist aus christlicher Perspektive. Ich habe die gr\u00f6\u00dfte christliche Klimagerechtigkeitsbewegung in Deutschland mit aufgebaut, erfolgreiche bundesweite und lokale Kampagnen organisiert, viele Workshops und Vortr\u00e4ge gehalten und Texte sowie ein Buch ver\u00f6ffentlicht. Dabei stehe ich f\u00fcr ein Christentum, &hellip; <\/p>\n<p class=\"link-more\"><a href=\"https:\/\/georgsauerwein.de\/\" class=\"more-link\">Continue reading<span class=\"screen-reader-text\"> &#8220;\u00dcber mich&#8221;<\/span><\/a><\/p>\n","protected":false},"author":1,"featured_media":0,"parent":0,"menu_order":0,"comment_status":"closed","ping_status":"closed","template":"","meta":{"footnotes":""},"class_list":["post-27","page","type-page","status-publish","hentry"],"_links":{"self":[{"href":"https:\/\/georgsauerwein.de\/index.php?rest_route=\/wp\/v2\/pages\/27","targetHints":{"allow":["GET"]}}],"collection":[{"href":"https:\/\/georgsauerwein.de\/index.php?rest_route=\/wp\/v2\/pages"}],"about":[{"href":"https:\/\/georgsauerwein.de\/index.php?rest_route=\/wp\/v2\/types\/page"}],"author":[{"embeddable":true,"href":"https:\/\/georgsauerwein.de\/index.php?rest_route=\/wp\/v2\/users\/1"}],"replies":[{"embeddable":true,"href":"https:\/\/georgsauerwein.de\/index.php?rest_route=%2Fwp%2Fv2%2Fcomments&post=27"}],"version-history":[{"count":11,"href":"https:\/\/georgsauerwein.de\/index.php?rest_route=\/wp\/v2\/pages\/27\/revisions"}],"predecessor-version":[{"id":164,"href":"https:\/\/georgsauerwein.de\/index.php?rest_route=\/wp\/v2\/pages\/27\/revisions\/164"}],"wp:attachment":[{"href":"https:\/\/georgsauerwein.de\/index.php?rest_route=%2Fwp%2Fv2%2Fmedia&parent=27"}],"curies":[{"name":"wp","href":"https:\/\/api.w.org\/{rel}","templated":true}]}}