{"id":53,"date":"2024-05-19T17:24:21","date_gmt":"2024-05-19T17:24:21","guid":{"rendered":"https:\/\/georgsauerwein.de\/?page_id=53"},"modified":"2026-02-18T13:22:29","modified_gmt":"2026-02-18T13:22:29","slug":"publikationen","status":"publish","type":"page","link":"https:\/\/georgsauerwein.de\/?page_id=53","title":{"rendered":"Publikationen"},"content":{"rendered":"\n<p><strong>B\u00fccher<\/strong><\/p>\n\n\n\n<p>&#8220;Tr\u00f6sten. Hoffen. Handeln.&#8221; ist ein Buch mit Entw\u00fcrfen f\u00fcr Klimaandachten, das ich zusammen mit Kathrin Fingerle herausgeben habe. Ihr findet es <a href=\"https:\/\/neukirchener-verlage.de\/catalog\/product\/view\/id\/2138520\/s\/trosten-hoffen-handeln-9783761570098\/category\/869\/\" data-type=\"link\" data-id=\"https:\/\/neukirchener-verlage.de\/catalog\/product\/view\/id\/2138520\/s\/trosten-hoffen-handeln-9783761570098\/category\/869\/\" target=\"_blank\" rel=\"noreferrer noopener\">hier<\/a>. Dieses bietet spirituell vielf\u00e4ltige Entw\u00fcrfe und Bausteine, um Andachten zur Klimakrise zu gestalten. Dabei sind ein besonderer Schwerpunkt des Buches Formen, die in der Klimagerechtigkeits-bewegung erprobt wurden.<\/p>\n\n\n\n<div class=\"wp-block-columns is-layout-flex wp-container-core-columns-is-layout-9d6595d7 wp-block-columns-is-layout-flex\">\n<div class=\"wp-block-column is-layout-flow wp-block-column-is-layout-flow\" style=\"flex-basis:100%\">\n<figure class=\"wp-block-image size-full\"><img loading=\"lazy\" decoding=\"async\" width=\"369\" height=\"560\" src=\"https:\/\/georgsauerwein.de\/wp-content\/uploads\/2024\/06\/9783761570098-1.jpg\" alt=\"Buchcover des Buches. &quot;Tr\u00f6sten. Hoffen. Handeln.: Gottesdienste und Andachten im Angesicht der Klimakrise.&quot; herausgegeben von Kathrin Fingerle und Georg Sauerwein, erschienen beim Neukirchener Verlag.\" class=\"wp-image-103\" srcset=\"https:\/\/georgsauerwein.de\/wp-content\/uploads\/2024\/06\/9783761570098-1.jpg 369w, https:\/\/georgsauerwein.de\/wp-content\/uploads\/2024\/06\/9783761570098-1-198x300.jpg 198w\" sizes=\"auto, (max-width: 369px) 100vw, 369px\" \/><\/figure>\n<\/div>\n<\/div>\n\n\n\n<p><strong>Wissenschaftlich<\/strong><\/p>\n\n\n\n<p>Georg Sauerwein: Intersektionale Klimagerechtigkeit in der Sozialethik und Impulse f\u00fcr die politische Theologie, in: Sammelband &#8220;Nachhaltigkeit&#8221; des Forschungszentrum RGKW der Universit\u00e4t Innsbruck, 2026<\/p>\n\n\n\n<p>Jan Niklas Collet, Georg Sauerwein: Die Proteste gegen die R\u00e4umung des Weilers L\u00fctzerath: Kleine theologische Nachlese, in: Lebendige Seelsorge 3\/2023, Juli 2023.<\/p>\n\n\n\n<p>Edith Wittenbrink, Georg Sauerwein: Striving for Climate Justice. Grassroot Initiatives and Dioceses in Germany, in: Margit Eckholt (Ed.): Creation &#8211; Transformation &#8211; Theology, International Congress of the European Society for Catholic Theology (August 2021 &#8211; Osnabr\u00fcck\/Germany), M\u00fcnster: LIT, S.445-454, August 2022.<\/p>\n\n\n\n<p>Georg Sauerwein: Relating Beauty of Physical Theories to Ecotheology., in: Margit Eckholt (Ed.): Creation &#8211; Transformation &#8211; Theology, International Congress of the European Society for Catholic Theology (August 2021 &#8211; Osnabr\u00fcck\/Germany), M\u00fcnster: LIT, S. 135-142, August 2022.<\/p>\n\n\n\n<p>Kerstin Paech, Nico Hamaus, Ben Hoyle, Matteo Costanzi, Tommaso Giannantonio, Steffen Hagstotz, Georg Sauerwein, Jochen Weller: <a href=\"https:\/\/arxiv.org\/abs\/1612.02018\" target=\"_blank\" rel=\"noreferrer noopener\">Cross-correlation of galaxies and galaxy clusters in the Sloan Digital Sky Survey and the importance of non-Poissonian shot noise<\/a>, Monthly Notices of the Royal Astronomical Society, Juni 2017.<\/p>\n\n\n\n<p><strong>Popul\u00e4rwissenschaftlich<\/strong><\/p>\n\n\n\n<p><a href=\"https:\/\/www.feinschwarz.net\/herausforderungen-und-chancen-fuer-liturgie-in-der-klimakrise\/\" data-type=\"link\" data-id=\"https:\/\/www.feinschwarz.net\/herausforderungen-und-chancen-fuer-liturgie-in-der-klimakrise\/\">Herausforderungen und Chancen f\u00fcr Liturgie in der Klimakrise<\/a>, Feinschwarz, September 2024.<\/p>\n\n\n\n<p><a href=\"https:\/\/eulemagazin.de\/proteste-gegen-die-afd-klimagerechtigkeit-gerade-jetzt\/\" target=\"_blank\" rel=\"noreferrer noopener\">Anti-AfD-Proteste: Klimagerechtigkeit \u2013 gerade jetzt!<\/a> , Eule Magazin, Januar 2024.<\/p>\n\n\n\n<p>Jan Niklas Collet, Georg Sauerwein: <a href=\"https:\/\/y-nachten.de\/2023\/01\/offener\\_brief\\_luetzerath\/\" target=\"_blank\" rel=\"noreferrer noopener\">\u201cEuer Herz lasse sich nicht verwirren!\u201d (Joh 14,1) \u2013 Theolog*innen solidarisieren sich mit den Protesten gegen die R\u00e4umung L\u00fctzeraths<\/a>, y-nachten, Januar 2023.<\/p>\n\n\n\n<p>Edith Wittenbrink, Georg Sauerwein: <a href=\"https:\/\/www.feinschwarz.net\/ein-appell-in-der-klimakrise\/\" target=\"_blank\" rel=\"noreferrer noopener\">Welche Kirchen braucht unsere Zukunft?: Ein Appell in der Klimakrise<\/a>, Feinschwarz, September 2021.<\/p>\n\n\n\n<p>Georg Sauerwein, Edith Wittenbrink: <a href=\"https:\/\/www.feinschwarz.net\/wo-seid-ihr-die-vermisste-kirchenleitung-in-der-klimadebatte\/\" target=\"_blank\" rel=\"noreferrer noopener\">Wo seid Ihr?: Die vermisste Kirchenleitung in der Klimadebatte<\/a>, Feinschwarz, September 2021.<\/p>\n\n\n\n<p>Georg Sauerwein et al.: <a href=\"https:\/\/christians4future.org\/wp-content\/uploads\/2021\/09\/Hintergrundpapier-final-1.pdf\" target=\"_blank\" rel=\"noreferrer noopener\">Hintergrundpapier zu den Forderungen der Christians for Future 2021<\/a>, September 2021.<\/p>\n\n\n\n<p><a href=\"https:\/\/eulemagazin.de\/katholische-kirche-der-lange-weg-zum-divestment\/\" target=\"_blank\" rel=\"noreferrer noopener\">Katholische Kirche: Der lange Weg zum Divestment<\/a>, Die Eule, August 2021.<br><br>Jule Schrepfer, Georg Sauerwein: Eine Pflicht f\u00fcr die Kirchen. Fragen an \u2026 Christians for Future, Erwachsenenbildung &#8211; Vierteljahresschrift f\u00fcr Theorie und Praxis, 67. Jahrgang, Heft 2, April 2021.<br><br><a href=\"https:\/\/eulemagazin.de\/vom-klimafasten-zum-systemwandel\/\" target=\"_blank\" rel=\"noreferrer noopener\">Vom Klimafasten zum Systemwandel<\/a>, Die Eule, Februar 2021.<br><br><a href=\"https:\/\/www.feinschwarz.net\/kirche-in-der-klimakrise\/\" target=\"_blank\" rel=\"noreferrer noopener\">Kirche in der Klimakrise<\/a>, Feinschwarz, September 2020.<br><br><a href=\"https:\/\/eulemagazin.de\/querida-amazonia-leidenschaft-fuer-das-gemeinsame-haus\/\" target=\"_blank\" rel=\"noreferrer noopener\">Querida Amazonia: Leidenschaft f\u00fcr das gemeinsame Haus<\/a>, Die Eule, M\u00e4rz 2020.<\/p>\n","protected":false},"excerpt":{"rendered":"<p>B\u00fccher &#8220;Tr\u00f6sten. Hoffen. Handeln.&#8221; ist ein Buch mit Entw\u00fcrfen f\u00fcr Klimaandachten, das ich zusammen mit Kathrin Fingerle herausgeben habe. Ihr findet es hier. Dieses bietet spirituell vielf\u00e4ltige Entw\u00fcrfe und Bausteine, um Andachten zur Klimakrise zu gestalten. Dabei sind ein besonderer Schwerpunkt des Buches Formen, die in der Klimagerechtigkeits-bewegung erprobt wurden. Wissenschaftlich Georg Sauerwein: Intersektionale Klimagerechtigkeit &hellip; <\/p>\n<p class=\"link-more\"><a href=\"https:\/\/georgsauerwein.de\/?page_id=53\" class=\"more-link\">Continue reading<span class=\"screen-reader-text\"> &#8220;Publikationen&#8221;<\/span><\/a><\/p>\n","protected":false},"author":1,"featured_media":0,"parent":0,"menu_order":0,"comment_status":"closed","ping_status":"closed","template":"","meta":{"footnotes":""},"class_list":["post-53","page","type-page","status-publish","hentry"],"_links":{"self":[{"href":"https:\/\/georgsauerwein.de\/index.php?rest_route=\/wp\/v2\/pages\/53","targetHints":{"allow":["GET"]}}],"collection":[{"href":"https:\/\/georgsauerwein.de\/index.php?rest_route=\/wp\/v2\/pages"}],"about":[{"href":"https:\/\/georgsauerwein.de\/index.php?rest_route=\/wp\/v2\/types\/page"}],"author":[{"embeddable":true,"href":"https:\/\/georgsauerwein.de\/index.php?rest_route=\/wp\/v2\/users\/1"}],"replies":[{"embeddable":true,"href":"https:\/\/georgsauerwein.de\/index.php?rest_route=%2Fwp%2Fv2%2Fcomments&post=53"}],"version-history":[{"count":14,"href":"https:\/\/georgsauerwein.de\/index.php?rest_route=\/wp\/v2\/pages\/53\/revisions"}],"predecessor-version":[{"id":161,"href":"https:\/\/georgsauerwein.de\/index.php?rest_route=\/wp\/v2\/pages\/53\/revisions\/161"}],"wp:attachment":[{"href":"https:\/\/georgsauerwein.de\/index.php?rest_route=%2Fwp%2Fv2%2Fmedia&parent=53"}],"curies":[{"name":"wp","href":"https:\/\/api.w.org\/{rel}","templated":true}]}}